{"id":75,"date":"2025-12-07T20:35:30","date_gmt":"2025-12-07T20:35:30","guid":{"rendered":"https:\/\/dev.mein-felgendesign.de\/?post_type=product&#038;p=75"},"modified":"2025-12-07T20:36:08","modified_gmt":"2025-12-07T20:36:08","slug":"stuntpegs-kurz-street-version","status":"publish","type":"product","link":"https:\/\/dev.mein-felgendesign.de\/index.php\/produkt\/stuntpegs-kurz-street-version\/","title":{"rendered":"Stuntpegs Kurz &#8222;Street Version&#8220;"},"content":{"rendered":"<p class=\"p1\"><strong>Im Lieferumfang enthalten ist das Komplettset f\u00fcr dein Bike:<\/strong><\/p>\n<p class=\"p1\">-4 Metallh\u00fclsen (45mm L\u00e4nge)<\/p>\n<p class=\"p1\">-4 Kunststoffeins\u00e4tze (10mm L\u00e4nge)<\/p>\n<p class=\"p1\">-2 Gewindestangen (M12, bedeutet der Durchmesser eurer Achsen sollte innen 12mm betragen um die Sturzpads verbauen zu k\u00f6nnen. Ansonsten k\u00f6nnt ihr aber auch M10 oder M8 Gewinde Stangen nutzen. Diese sind aber nicht im Lieferumfang enthalten!)<\/p>\n<p class=\"p1\">-Selbstsichernde Muttern und Unterlegscheiben<\/p>\n<p class=\"p1\"><strong>Anbau: <\/strong><\/p>\n<p class=\"p1\">-Bohrt ein Loch in eure Achsmutter, falls dort noch keins vorhanden ist. Die meisten Achsen sind hohlachsen, da braucht ihr nichts bohren.<\/p>\n<p class=\"p1\">-K\u00fcrzt die Gewindestange auf die passende L\u00e4nge<\/p>\n<p class=\"p1\">-Alles festziehen. ACHTUNG: Die Selbstsichernde Mutter ist nur als zus\u00e4tzliche Sicherheit, diese bitte maximal mit 50NM anziehen.<\/p>\n<p class=\"p1\"><strong>Kit includes:<\/strong><br \/>\n4 Black Pegs (45mm length)<\/p>\n<p class=\"p1\">4 Plastic End Caps (10mm length)<\/p>\n<p class=\"p1\">2 Threaded rods (M12, so you need a hollow axle with 12mm diameter in the inside. If you haven&#8217;t you can also use a M10 or M8 threaded rod, but it&#8217;s not included)<\/p>\n<p class=\"p1\">bolts included.<\/p>\n<p class=\"p1\">12mm axle<\/p>\n<p class=\"p1\"><strong>Installation:<\/strong><\/p>\n<p class=\"p1\">-Drill a hole in the nut<\/p>\n<p class=\"p1\">-Cut the threaded rod to size<\/p>\n<p class=\"p1\">-Put it in and tighten it<\/p>\n","protected":false},"excerpt":{"rendered":"<p class=\"p1\">Pegs V2! Hol dir jetzt die neue Version aus Aluminium! Bei den Stuntpegs spartst du hier knapp 500g Gewicht im Gegensatz zur alten Version.<\/p>\n<p>Hochwertig verarbeitete schwarz pulverbeschichtete Metallh\u00fclsen um dein Motorrad perfekt bei St\u00fcrzen zu sch\u00fctzen. Durch die Pegs wird ein gr\u00f6\u00dferer Abstand zum Boden erzeugt und vorallem eure Felgen, Gabel, Schwinge und Plastics sind bestens gegen St\u00fcrze gesch\u00fctzt.<\/p>\n<p class=\"p1\">Anders als bei anderen Pegs habt ihr hier den Vorteil, das die Kunststoffendkappen austauschbar sind. Somit k\u00f6nnt ihr, falls es euch mehrmals hingehauen hat, einfach die Kunststoffeins\u00e4tze tauschen und euer Bike sieht wie neu aus. Hier seht ihr die Gek\u00fcrzte Version &#8222;Street&#8220;. Sie ist 25mm k\u00fcrzer als die normalen Stuntpegs, bietet etwas weniger Schutz, daf\u00fcr aber mehr Schr\u00e4glagenfreiheit.<\/p>\n<p>ACHTUNG: Lieferung von Sonderfarben kann 3-4 Wochen dauern! Diese haben wir nicht auf Lager und m\u00fcssen speziell f\u00fcr dich und dein Bike produziert werden.<\/p>\n<p>Falls ihr eine andere Wunschfarbe haben wollt, als die auszuw\u00e4hlenden, gebt das unbedingt bei Bestellabschluss mit an, in welcher Farbe eure Pegs beschichtet sein sollen.<\/p>\n<p class=\"p1\"><strong>Englisch:<\/strong><\/p>\n<p>High quality black powdercoated metal sleeves.<\/p>\n<p class=\"p1\">The perfect way to protect your bike when crashing. Pegs have been commonly used by Stuntriders to be able to crash and keep on riding. Defends your wheels, forks, plastics, and swingarm from scratches. If you crash mutiple times you can replace the plastic sliders and your bike looks like new. Here you see the &#8222;Street Version&#8220;. 25 mm shorter than the normal Stuntpegs. You have a little bit less protection, but more lean angle in the corners.<\/p>\n","protected":false},"featured_media":113,"comment_status":"closed","ping_status":"closed","template":"","meta":[],"product_brand":[],"product_cat":[16],"product_tag":[],"class_list":{"0":"post-75","1":"product","2":"type-product","3":"status-publish","4":"has-post-thumbnail","6":"product_cat-stuntparts","8":"first","9":"outofstock","10":"shipping-taxable","11":"purchasable","12":"product-type-variable"},"_links":{"self":[{"href":"https:\/\/dev.mein-felgendesign.de\/index.php\/wp-json\/wp\/v2\/product\/75","targetHints":{"allow":["GET"]}}],"collection":[{"href":"https:\/\/dev.mein-felgendesign.de\/index.php\/wp-json\/wp\/v2\/product"}],"about":[{"href":"https:\/\/dev.mein-felgendesign.de\/index.php\/wp-json\/wp\/v2\/types\/product"}],"replies":[{"embeddable":true,"href":"https:\/\/dev.mein-felgendesign.de\/index.php\/wp-json\/wp\/v2\/comments?post=75"}],"wp:featuredmedia":[{"embeddable":true,"href":"https:\/\/dev.mein-felgendesign.de\/index.php\/wp-json\/wp\/v2\/media\/113"}],"wp:attachment":[{"href":"https:\/\/dev.mein-felgendesign.de\/index.php\/wp-json\/wp\/v2\/media?parent=75"}],"wp:term":[{"taxonomy":"product_brand","embeddable":true,"href":"https:\/\/dev.mein-felgendesign.de\/index.php\/wp-json\/wp\/v2\/product_brand?post=75"},{"taxonomy":"product_cat","embeddable":true,"href":"https:\/\/dev.mein-felgendesign.de\/index.php\/wp-json\/wp\/v2\/product_cat?post=75"},{"taxonomy":"product_tag","embeddable":true,"href":"https:\/\/dev.mein-felgendesign.de\/index.php\/wp-json\/wp\/v2\/product_tag?post=75"}],"curies":[{"name":"wp","href":"https:\/\/api.w.org\/{rel}","templated":true}]}}