{"id":7353,"date":"2025-12-07T21:09:37","date_gmt":"2025-12-07T21:09:37","guid":{"rendered":"https:\/\/dev.mein-felgendesign.de\/?post_type=product&#038;p=7353"},"modified":"2025-12-07T21:11:09","modified_gmt":"2025-12-07T21:11:09","slug":"20-zoll-pulverbeschichtung","status":"publish","type":"product","link":"https:\/\/dev.mein-felgendesign.de\/index.php\/produkt\/20-zoll-pulverbeschichtung\/","title":{"rendered":"20 Zoll Pulverbeschichtung"},"content":{"rendered":"<p>Wir bieten hiermit eine Hochwertige Pulverbeschichtung oder Nasslackierung deiner Felgen an.<\/p>\n<p>&nbsp;<\/p>\n<p><em>Folgende Leistungen sind in diesem Angebot enthalten:<\/em><\/p>\n<ul>\n<li>Chemisches Entlacken<\/li>\n<li>Strahlen<\/li>\n<li>Bordsteinsch\u00e4den entfernen (leichte)<\/li>\n<li>Grundieren<\/li>\n<li>Pulverbeschichtung oder Nasslackierung nach Wunschfarbe<\/li>\n<li>Klarlack nach Wunsch<\/li>\n<li>Felgenreinigung<\/li>\n<li>Hin- und R\u00fcckversand gratis<\/li>\n<li>Rundlaufpr\u00fcfung<\/li>\n<li>ggf. Felgenkarton<\/li>\n<\/ul>\n<p><em>So geht\u2019s:<\/em><\/p>\n<ol>\n<li>Ausw\u00e4hlen, ob ein Felgenkarton erw\u00fcnscht ist.<\/li>\n<li>Die Anzahl der Felgen ausw\u00e4hlen.<\/li>\n<li>Die Zoll Gr\u00f6\u00dfe angeben.<\/li>\n<li>Eine Gew\u00fcnschte Farbe anklicken<\/li>\n<li>Auf Wunsch den Klarlack ausw\u00e4hlen.<\/li>\n<li>Alles in den Warenkorb, bestellen und Bezahlen.<\/li>\n<\/ol>\n","protected":false},"excerpt":{"rendered":"<p>Wir bieten hiermit eine Hochwertige Pulverbeschichtung oder Nasslackierung deiner Felgen an. &nbsp; Folgende Leistungen sind in diesem Angebot enthalten: Chemisches Entlacken Strahlen Bordsteinsch\u00e4den entfernen (leichte) Grundieren Pulverbeschichtung oder Nasslackierung nach Wunschfarbe Klarlack nach Wunsch Felgenreinigung Hin- und R\u00fcckversand gratis Rundlaufpr\u00fcfung ggf. Felgenkarton So geht\u2019s: Ausw\u00e4hlen, ob ein Felgenkarton erw\u00fcnscht ist. Die Anzahl der Felgen ausw\u00e4hlen. &#8230; <a title=\"20 Zoll Pulverbeschichtung\" class=\"read-more\" href=\"https:\/\/dev.mein-felgendesign.de\/index.php\/produkt\/20-zoll-pulverbeschichtung\/\" aria-label=\"Mehr Informationen \u00fcber 20 Zoll Pulverbeschichtung\">Weiterlesen<\/a><\/p>\n","protected":false},"featured_media":4812,"comment_status":"closed","ping_status":"closed","template":"","meta":[],"product_brand":[],"product_cat":[100],"product_tag":[102,104,105,108,111,112,113,115,116,119,120,121,122,123,142,125,126,143,93,146,127,128,129,130,131,132,134,157,135,136,149,151,158,152,97,138,139],"class_list":{"0":"post-7353","1":"product","2":"type-product","3":"status-publish","4":"has-post-thumbnail","6":"product_cat-felgen","7":"product_tag-beschaedigte-felge","8":"product_tag-bmw-lasur-erneuern","9":"product_tag-bordsteinschaeden","10":"product_tag-cupra-felgen-instandsetzen","11":"product_tag-felge-hat-einen-riss","12":"product_tag-felge-hat-einen-schlag","13":"product_tag-felge-in-sonderfarbe","14":"product_tag-felgen","15":"product_tag-felgen-doktor","16":"product_tag-felgen-instandsetzung","17":"product_tag-felgen-lackierung","18":"product_tag-felgen-original","19":"product_tag-felgen-pulvern","20":"product_tag-felgen-reparieren","21":"product_tag-felgen-smart-repair","22":"product_tag-felgen-wie-ab-werk-instand-setzen","23":"product_tag-felgen-wie-original","24":"product_tag-geld-sparen","25":"product_tag-geschenk-idee","26":"product_tag-guenstige-reparatur","27":"product_tag-instandsetzung","28":"product_tag-klarlack","29":"product_tag-lackierung","30":"product_tag-leasingruecklaeufer","31":"product_tag-nasslack","32":"product_tag-nasslackierung","33":"product_tag-original","34":"product_tag-originale-cupra-lasur","35":"product_tag-originale-lacke","36":"product_tag-originale-rauchlasur","37":"product_tag-schnell-felgen-reparieren","38":"product_tag-smart-repair","39":"product_tag-sonderfarben","40":"product_tag-starke-beschaedigungen","41":"product_tag-weihnachtsgeschenk","42":"product_tag-wie-ab-werk","43":"product_tag-wie-original-herstellen","45":"first","46":"instock","47":"shipping-taxable","48":"purchasable","49":"product-type-variable"},"_links":{"self":[{"href":"https:\/\/dev.mein-felgendesign.de\/index.php\/wp-json\/wp\/v2\/product\/7353","targetHints":{"allow":["GET"]}}],"collection":[{"href":"https:\/\/dev.mein-felgendesign.de\/index.php\/wp-json\/wp\/v2\/product"}],"about":[{"href":"https:\/\/dev.mein-felgendesign.de\/index.php\/wp-json\/wp\/v2\/types\/product"}],"replies":[{"embeddable":true,"href":"https:\/\/dev.mein-felgendesign.de\/index.php\/wp-json\/wp\/v2\/comments?post=7353"}],"wp:featuredmedia":[{"embeddable":true,"href":"https:\/\/dev.mein-felgendesign.de\/index.php\/wp-json\/wp\/v2\/media\/4812"}],"wp:attachment":[{"href":"https:\/\/dev.mein-felgendesign.de\/index.php\/wp-json\/wp\/v2\/media?parent=7353"}],"wp:term":[{"taxonomy":"product_brand","embeddable":true,"href":"https:\/\/dev.mein-felgendesign.de\/index.php\/wp-json\/wp\/v2\/product_brand?post=7353"},{"taxonomy":"product_cat","embeddable":true,"href":"https:\/\/dev.mein-felgendesign.de\/index.php\/wp-json\/wp\/v2\/product_cat?post=7353"},{"taxonomy":"product_tag","embeddable":true,"href":"https:\/\/dev.mein-felgendesign.de\/index.php\/wp-json\/wp\/v2\/product_tag?post=7353"}],"curies":[{"name":"wp","href":"https:\/\/api.w.org\/{rel}","templated":true}]}}