{"id":65,"date":"2025-12-07T20:35:30","date_gmt":"2025-12-07T20:35:30","guid":{"rendered":"https:\/\/dev.mein-felgendesign.de\/?post_type=product&#038;p=65"},"modified":"2025-12-07T20:39:55","modified_gmt":"2025-12-07T20:39:55","slug":"wheelie-bar-2008-2025-ktm-exc","status":"publish","type":"product","link":"https:\/\/dev.mein-felgendesign.de\/index.php\/produkt\/wheelie-bar-2008-2025-ktm-exc\/","title":{"rendered":"Wheelie Bar 2008-2025 KTM EXC"},"content":{"rendered":"<p class=\"p1\"><strong>Installation 2012-2016:<\/strong><\/p>\n<p class=\"p1\">Achtet darauf, dass die Wheelie Bar nach unten gekr\u00fcmmt ist, es gibt oben und unten!<\/p>\n<p class=\"p1\">Zeichnet die 3 L\u00f6cher pro Seite an eurem Heckrahmen an und bohrt die L\u00f6cher mit einem 8,5mm Bohrer.<\/p>\n<p class=\"p1\">Verschraubt die Wheelie Bar mit den mitgelieferten Schrauben<\/p>\n<p class=\"p1\">Plastikteil ausschneiden, fertig!<\/p>\n<p><strong>Englisch Installation 2012-2016:<\/strong><\/p>\n<p class=\"p1\">The bar has top and bottom, you need to note that while installation. The bar has to go down if you hold it on the bike!<span class=\"Apple-converted-space\">\u00a0<\/span><\/p>\n<p class=\"p1\">Mark the 3 holes each side on your subframe and drill 8,5mm holes.<span class=\"Apple-converted-space\">\u00a0<\/span><\/p>\n<p class=\"p1\">Lock the wheelie bar with the included screws.<span class=\"Apple-converted-space\">\u00a0<\/span><\/p>\n<p class=\"p1\">Cut the plastics to fit with the wheelie bar. Ready!<span class=\"Apple-converted-space\">\u00a0<\/span><\/p>\n<p>&nbsp;<\/p>\n<p><strong>Installation 2017-2023:<\/strong><\/p>\n<p class=\"p1\">Baut eure Plastikteile im hinteren Bereich eures Bikes am besten komplett ab.<span class=\"Apple-converted-space\">\u00a0<\/span><\/p>\n<p class=\"p1\">Bei den neueren EXC Modellen ab 2017 ist es leider nicht mehr m\u00f6glich, die Wheelie Bar von au\u00dfen am Heckrahmen zu verschrauben, man muss also &#8222;leider&#8220; in den Rahmen rein gehen. Diese sind von KTM alle anders verschwei\u00dft. Das hei\u00dft ihr m\u00fcsst leider noch ein bisschen anpassungsarbeit an der Wheelie bar vornehmen. Am besten leuchtet ihr mit einer Taschenlampe in den Heckrahmen hinein und schaut wo der Heckrahmen &#8222;durchgeschwei\u00dft&#8220; ist. An den Stellen wo von innen Schwei\u00dfnaht zu sehen ist, nehmt ihr jetzt mit einer Flex Material an der Wheelie Bar weg, bis die Wheelie Bar vollst\u00e4ndig in den Heckrahmen hinein rutscht, und die Kerbe perfekt auf eurer &#8218;Endschalld\u00e4mpfer Halterung sitzt.<span class=\"Apple-converted-space\">\u00a0<\/span><\/p>\n<p class=\"p1\">Danach bohrt ihr die zwei L\u00f6cher zur Sicherung der Wheelie Bar gegen heraus rutschen nach hinten.<span class=\"Apple-converted-space\">\u00a0<\/span><\/p>\n<p class=\"p1\">Falls ihr noch keine lange Schraube in eurem Endschalld\u00e4mpfer habt, bzw diese nicht lang genug ist, nehmt ihr die mitgelieferte Schraube und dreht diese rein. Danach sichert ihr die Wheelie Bar an der Endschalld\u00e4mpfer Halterung mit der mitgelieferten U-Scheibe und Mutter. Plastics zuschneiden. Fertig!<span class=\"Apple-converted-space\">\u00a0<\/span><\/p>\n<p><strong>Englisch Installation 2017-2023:<\/strong><\/p>\n<p class=\"p1\">Delete all rear plastics of your bike. You have to grind the wheelie bar because all original subframes are not 100% the same. Use a flashlight to see where your subframe is welded from the inside. Than grind the wheelie bar on the right places to fit in the subframe until it fits good to your exhaust bracket. Now drill holes to fix the wheelie bar with the included screws. <span class=\"Apple-converted-space\">\u00a0<\/span><\/p>\n<p class=\"p1\">Cut your plastics and you&#8217;re ready !<span class=\"Apple-converted-space\">\u00a0<\/span><\/p>\n","protected":false},"excerpt":{"rendered":"<p class=\"p1\">Ihr wollt stunttechnisch das optimale aus eurer EXC rausholen? Dann braucht ihr eine Wheelie bar.<span class=\"Apple-converted-space\">\u00a0<\/span><\/p>\n<p class=\"p1\">Hochwertig schwarz pulverbeschichtet inkl. Aller Anbauteile die ihr braucht. Zus\u00e4tzlich gibt es nat\u00fcrlich noch Griptape dazu, um den perfekten Halt in der Bar zu gew\u00e4hrleisten.<span class=\"Apple-converted-space\">\u00a0<\/span><\/p>\n<p class=\"p1\"><strong>Englisch:<\/strong><br \/>\nYou want to make the maximum stunt bike out of your KTM? You need a wheelie bar. Black powdercoated with all mounting mateirals you need. Griptape is also included to get the maximum of grip between the bike and you.<span class=\"Apple-converted-space\">\u00a0<\/span><\/p>\n","protected":false},"featured_media":102,"comment_status":"closed","ping_status":"closed","template":"","meta":[],"product_brand":[],"product_cat":[16],"product_tag":[],"class_list":{"0":"post-65","1":"product","2":"type-product","3":"status-publish","4":"has-post-thumbnail","6":"product_cat-stuntparts","8":"first","9":"instock","10":"shipping-taxable","11":"purchasable","12":"product-type-variable"},"_links":{"self":[{"href":"https:\/\/dev.mein-felgendesign.de\/index.php\/wp-json\/wp\/v2\/product\/65","targetHints":{"allow":["GET"]}}],"collection":[{"href":"https:\/\/dev.mein-felgendesign.de\/index.php\/wp-json\/wp\/v2\/product"}],"about":[{"href":"https:\/\/dev.mein-felgendesign.de\/index.php\/wp-json\/wp\/v2\/types\/product"}],"replies":[{"embeddable":true,"href":"https:\/\/dev.mein-felgendesign.de\/index.php\/wp-json\/wp\/v2\/comments?post=65"}],"wp:featuredmedia":[{"embeddable":true,"href":"https:\/\/dev.mein-felgendesign.de\/index.php\/wp-json\/wp\/v2\/media\/102"}],"wp:attachment":[{"href":"https:\/\/dev.mein-felgendesign.de\/index.php\/wp-json\/wp\/v2\/media?parent=65"}],"wp:term":[{"taxonomy":"product_brand","embeddable":true,"href":"https:\/\/dev.mein-felgendesign.de\/index.php\/wp-json\/wp\/v2\/product_brand?post=65"},{"taxonomy":"product_cat","embeddable":true,"href":"https:\/\/dev.mein-felgendesign.de\/index.php\/wp-json\/wp\/v2\/product_cat?post=65"},{"taxonomy":"product_tag","embeddable":true,"href":"https:\/\/dev.mein-felgendesign.de\/index.php\/wp-json\/wp\/v2\/product_tag?post=65"}],"curies":[{"name":"wp","href":"https:\/\/api.w.org\/{rel}","templated":true}]}}