{"id":433,"date":"2025-12-07T20:36:46","date_gmt":"2025-12-07T20:36:46","guid":{"rendered":"https:\/\/dev.mein-felgendesign.de\/?post_type=product&#038;p=433"},"modified":"2025-12-07T20:36:59","modified_gmt":"2025-12-07T20:36:59","slug":"felgenring","status":"publish","type":"product","link":"https:\/\/dev.mein-felgendesign.de\/index.php\/produkt\/felgenring\/","title":{"rendered":"Felgenring"},"content":{"rendered":"","protected":false},"excerpt":{"rendered":"<p>Wir bieten dir hiermit die Pulverbeschichtung deiner Supermoto \/ Mx Felgenrings an.<\/p>\n<p>(Preis gilt pro St\u00fcck)<\/p>\n<p>Folgende Leistungen sind in diesem Angebot enthalten:<\/p>\n<ul>\n<li>ggf. Chem. Entlackung<\/li>\n<li>Strahlen<\/li>\n<li>Verschluss bzw. Schutz von Gewinden, Lager- und Anlagefl\u00e4chen<\/li>\n<li>Grundieren<\/li>\n<li>Pulverbeschichten nach Wunschfarbe<\/li>\n<li>R\u00fcckversand<\/li>\n<\/ul>\n<p>&nbsp;<\/p>\n<p>So geht&#8217;s:<\/p>\n<p>1. Gew\u00fcnschten Artikel sowie Farbe ausw\u00e4hlen und in den Warenkorb legen<\/p>\n<p>(Bei RAL-Wunschfarbe bitte nach der Bestellung RAL-Code auf ausgedruckter Bestellbest\u00e4tigung angeben)<br \/>\n2. Bestellen und Bezahlen<br \/>\n3. Verpacken und Versenden der Teile inkl ausgedruckter Bestellbest\u00e4tigung in einem f\u00fcr den R\u00fcckversand geeignetem Karton<br \/>\n4. Nach dem Erhalt bearbeiten wir alle Teile gem\u00e4\u00df Bestellung (bei R\u00fcckfragen melden wir uns)<br \/>\n5. Nach Fertigstellung verpacken und versenden wir die Ware in deinem Karton an dich zur\u00fcck<\/p>\n<p>&nbsp;<\/p>\n<p><strong><u>Bitte beachten:<\/u><\/strong><\/p>\n<ul>\n<li>Alle Teile m\u00fcssen sauber und fettfrei sein<\/li>\n<li>Kugellager, Buchsen, Schrauben sowie Kunststoffteile m\u00fcssen vorab entfernt werden<\/li>\n<li>Nicht zu beschichtende Fl\u00e4chen bitte mit Filzstift markieren<\/li>\n<li>Bitte unbedingt die ausgedruckte Bestellbest\u00e4tigung inkl. Telefonnummer in das Paket legen<\/li>\n<li>Bei Nichteinhaltung ( Ungereinigte, \u00d6lige oder fettverschmierte Teile \/ Aufkleberreste etc. ) behalten wir es uns vor, den Mehraufwand in Rechnung zu stellen.<\/li>\n<\/ul>\n<p>&nbsp;<\/p>\n","protected":false},"featured_media":444,"comment_status":"closed","ping_status":"closed","template":"","meta":[],"product_brand":[],"product_cat":[17,18],"product_tag":[],"class_list":{"0":"post-433","1":"product","2":"type-product","3":"status-publish","4":"has-post-thumbnail","6":"product_cat-pulverbeschichtung-motorradteile","7":"product_cat-supermoto","9":"first","10":"instock","11":"shipping-taxable","12":"purchasable","13":"product-type-variable"},"_links":{"self":[{"href":"https:\/\/dev.mein-felgendesign.de\/index.php\/wp-json\/wp\/v2\/product\/433","targetHints":{"allow":["GET"]}}],"collection":[{"href":"https:\/\/dev.mein-felgendesign.de\/index.php\/wp-json\/wp\/v2\/product"}],"about":[{"href":"https:\/\/dev.mein-felgendesign.de\/index.php\/wp-json\/wp\/v2\/types\/product"}],"replies":[{"embeddable":true,"href":"https:\/\/dev.mein-felgendesign.de\/index.php\/wp-json\/wp\/v2\/comments?post=433"}],"wp:featuredmedia":[{"embeddable":true,"href":"https:\/\/dev.mein-felgendesign.de\/index.php\/wp-json\/wp\/v2\/media\/444"}],"wp:attachment":[{"href":"https:\/\/dev.mein-felgendesign.de\/index.php\/wp-json\/wp\/v2\/media?parent=433"}],"wp:term":[{"taxonomy":"product_brand","embeddable":true,"href":"https:\/\/dev.mein-felgendesign.de\/index.php\/wp-json\/wp\/v2\/product_brand?post=433"},{"taxonomy":"product_cat","embeddable":true,"href":"https:\/\/dev.mein-felgendesign.de\/index.php\/wp-json\/wp\/v2\/product_cat?post=433"},{"taxonomy":"product_tag","embeddable":true,"href":"https:\/\/dev.mein-felgendesign.de\/index.php\/wp-json\/wp\/v2\/product_tag?post=433"}],"curies":[{"name":"wp","href":"https:\/\/api.w.org\/{rel}","templated":true}]}}