{"id":1813,"date":"2025-12-07T20:40:28","date_gmt":"2025-12-07T20:40:28","guid":{"rendered":"https:\/\/dev.mein-felgendesign.de\/?post_type=product&#038;p=1813"},"modified":"2025-12-07T20:41:02","modified_gmt":"2025-12-07T20:41:02","slug":"cnc-glanzgedreht-original-bmw","status":"publish","type":"product","link":"https:\/\/dev.mein-felgendesign.de\/index.php\/produkt\/cnc-glanzgedreht-original-bmw\/","title":{"rendered":"CNC-Glanzgedreht \/ Original BMW"},"content":{"rendered":"<p>Wir bieten hiermit CNC-Glanzdrehen deiner BMW Felgen an.<\/p>\n<p>Du hast eine BMW Felge ohne die dunkle Rauchlasur? Dann bestell einfach \u00fcber die Variante: &#8222;CNC-Glanzgedreht &#8211; Original Instandsetzung&#8220;.<\/p>\n<p><em>Folgende Leistungen sind in diesem Angebot enthalten:<\/em><\/p>\n<ul>\n<li>ggf. Felgenkarton (Falls ausgew\u00e4hlt)<\/li>\n<li>Versand zu uns<\/li>\n<li>Rundlaufpr\u00fcfung<\/li>\n<li>Felgenreinigung sowie Anrauen der Oberfl\u00e4che<\/li>\n<li>Einscannen der Felgenkontur und Schadensanalyse<\/li>\n<li>Abdrehen der Felge<\/li>\n<li>Klarlack\/Klarpulverbeschichtung<\/li>\n<li>Original BMW Rauchlasur Lasur<\/li>\n<li>Qualit\u00e4tskontrolle<\/li>\n<li>Versand zu dir<\/li>\n<\/ul>\n<p><em>So geht\u2019s:<\/em><\/p>\n<ol>\n<li>Ausw\u00e4hlen, ob ein Felgenkarton erw\u00fcnscht ist.<\/li>\n<li>Die Anzahl der Felgen ausw\u00e4hlen.<\/li>\n<li>Die Zoll Gr\u00f6\u00dfe angeben.<\/li>\n<li>Alles in den Warenkorb, bestellen und Bezahlen.<\/li>\n<li>Je nach Auswahl deiner Bestellung, erh\u00e4ltst du innerhalb k\u00fcrzester Zeit deine Felgenkartons inkl. der Versandlabel zu uns. Solltest du keine Felgenkartons ausgew\u00e4hlt haben, bekommst du dein(e) Label per E-Mail zugesendet.<\/li>\n<\/ol>\n<p>&nbsp;<\/p>\n","protected":false},"excerpt":{"rendered":"<p>Wir bieten hiermit CNC-Glanzdrehen deiner BMW Felgen an. Du hast eine BMW Felge ohne die dunkle Rauchlasur? Dann bestell einfach \u00fcber die Variante: &#8222;CNC-Glanzgedreht &#8211; Original Instandsetzung&#8220;. Folgende Leistungen sind in diesem Angebot enthalten: ggf. Felgenkarton (Falls ausgew\u00e4hlt) Versand zu uns Rundlaufpr\u00fcfung Felgenreinigung sowie Anrauen der Oberfl\u00e4che Einscannen der Felgenkontur und Schadensanalyse Abdrehen der Felge &#8230; <a title=\"CNC-Glanzgedreht \/ Original BMW\" class=\"read-more\" href=\"https:\/\/dev.mein-felgendesign.de\/index.php\/produkt\/cnc-glanzgedreht-original-bmw\/\" aria-label=\"Mehr Informationen \u00fcber CNC-Glanzgedreht \/ Original BMW\">Weiterlesen<\/a><\/p>\n","protected":false},"featured_media":1820,"comment_status":"closed","ping_status":"closed","template":"","meta":[],"product_brand":[],"product_cat":[100],"product_tag":[102,103,104,105,140,141,111,112,113,115,116,119,120,121,122,123,142,125,126,143,144,146,128,129,130,131,132,134,136,149,151,158,152,138,139,153],"class_list":{"0":"post-1813","1":"product","2":"type-product","3":"status-publish","4":"has-post-thumbnail","6":"product_cat-felgen","7":"product_tag-beschaedigte-felge","8":"product_tag-bmw-lasur","9":"product_tag-bmw-lasur-erneuern","10":"product_tag-bordsteinschaeden","11":"product_tag-cnc","12":"product_tag-cnc-glanzdrehen","13":"product_tag-felge-hat-einen-riss","14":"product_tag-felge-hat-einen-schlag","15":"product_tag-felge-in-sonderfarbe","16":"product_tag-felgen","17":"product_tag-felgen-doktor","18":"product_tag-felgen-instandsetzung","19":"product_tag-felgen-lackierung","20":"product_tag-felgen-original","21":"product_tag-felgen-pulvern","22":"product_tag-felgen-reparieren","23":"product_tag-felgen-smart-repair","24":"product_tag-felgen-wie-ab-werk-instand-setzen","25":"product_tag-felgen-wie-original","26":"product_tag-geld-sparen","27":"product_tag-glanzgedrehte-felgen","28":"product_tag-guenstige-reparatur","29":"product_tag-klarlack","30":"product_tag-lackierung","31":"product_tag-leasingruecklaeufer","32":"product_tag-nasslack","33":"product_tag-nasslackierung","34":"product_tag-original","35":"product_tag-originale-rauchlasur","36":"product_tag-schnell-felgen-reparieren","37":"product_tag-smart-repair","38":"product_tag-sonderfarben","39":"product_tag-starke-beschaedigungen","40":"product_tag-wie-ab-werk","41":"product_tag-wie-original-herstellen","42":"product_tag-zweifarbige-felgen","43":"product_shipping_class-versandkostenfrei","45":"first","46":"instock","47":"shipping-taxable","48":"purchasable","49":"product-type-variable"},"_links":{"self":[{"href":"https:\/\/dev.mein-felgendesign.de\/index.php\/wp-json\/wp\/v2\/product\/1813","targetHints":{"allow":["GET"]}}],"collection":[{"href":"https:\/\/dev.mein-felgendesign.de\/index.php\/wp-json\/wp\/v2\/product"}],"about":[{"href":"https:\/\/dev.mein-felgendesign.de\/index.php\/wp-json\/wp\/v2\/types\/product"}],"replies":[{"embeddable":true,"href":"https:\/\/dev.mein-felgendesign.de\/index.php\/wp-json\/wp\/v2\/comments?post=1813"}],"wp:featuredmedia":[{"embeddable":true,"href":"https:\/\/dev.mein-felgendesign.de\/index.php\/wp-json\/wp\/v2\/media\/1820"}],"wp:attachment":[{"href":"https:\/\/dev.mein-felgendesign.de\/index.php\/wp-json\/wp\/v2\/media?parent=1813"}],"wp:term":[{"taxonomy":"product_brand","embeddable":true,"href":"https:\/\/dev.mein-felgendesign.de\/index.php\/wp-json\/wp\/v2\/product_brand?post=1813"},{"taxonomy":"product_cat","embeddable":true,"href":"https:\/\/dev.mein-felgendesign.de\/index.php\/wp-json\/wp\/v2\/product_cat?post=1813"},{"taxonomy":"product_tag","embeddable":true,"href":"https:\/\/dev.mein-felgendesign.de\/index.php\/wp-json\/wp\/v2\/product_tag?post=1813"}],"curies":[{"name":"wp","href":"https:\/\/api.w.org\/{rel}","templated":true}]}}