{"id":1812,"date":"2025-12-07T20:40:28","date_gmt":"2025-12-07T20:40:28","guid":{"rendered":"https:\/\/dev.mein-felgendesign.de\/?post_type=product&#038;p=1812"},"modified":"2025-12-07T20:40:35","modified_gmt":"2025-12-07T20:40:35","slug":"aufschweissen-mehraufwand","status":"publish","type":"product","link":"https:\/\/dev.mein-felgendesign.de\/index.php\/produkt\/aufschweissen-mehraufwand\/","title":{"rendered":"Aufschwei\u00dfen\/Mehraufwand"},"content":{"rendered":"<p>Wir bieten hiermit das Aufschwei\u00dfen deiner Felgen an.<\/p>\n<p>Wichtig!! Bestelle dies nur wenn wir dich darauf ansprechen.<\/p>\n<p><em>Folgende Leistungen sind in diesem Angebot enthalten:<\/em><\/p>\n<ul>\n<li>Rundlaufpr\u00fcfung<\/li>\n<li>Begutachtung der Sch\u00e4den<\/li>\n<li>Vorbereitung der zu bearbeiteten Stellen<\/li>\n<li>Aufschwei\u00dfen<\/li>\n<li>Schleifen<\/li>\n<li>Qualit\u00e4tskontrolle<\/li>\n<\/ul>\n<p><em>So geht\u2019s:<\/em><\/p>\n<ol>\n<li>Die Anzahl die wir, dir durchgegeben haben ausw\u00e4hlen.<\/li>\n<li>In den Warenkorb, bestellen und Bezahlen.<\/li>\n<\/ol>\n","protected":false},"excerpt":{"rendered":"<p>Wir bieten hiermit das Aufschwei\u00dfen deiner Felgen an. Wichtig!! Bestelle dies nur wenn wir dich darauf ansprechen. Folgende Leistungen sind in diesem Angebot enthalten: Rundlaufpr\u00fcfung Begutachtung der Sch\u00e4den Vorbereitung der zu bearbeiteten Stellen Aufschwei\u00dfen Schleifen Qualit\u00e4tskontrolle So geht\u2019s: Die Anzahl die wir, dir durchgegeben haben ausw\u00e4hlen. In den Warenkorb, bestellen und Bezahlen.<\/p>\n","protected":false},"featured_media":1815,"comment_status":"closed","ping_status":"closed","template":"","meta":[],"product_brand":[],"product_cat":[100],"product_tag":[111,114,160],"class_list":{"0":"post-1812","1":"product","2":"type-product","3":"status-publish","4":"has-post-thumbnail","6":"product_cat-felgen","7":"product_tag-felge-hat-einen-riss","8":"product_tag-felge-schweissen","9":"product_tag-schweissen","11":"first","12":"instock","13":"shipping-taxable","14":"purchasable","15":"product-type-simple"},"_links":{"self":[{"href":"https:\/\/dev.mein-felgendesign.de\/index.php\/wp-json\/wp\/v2\/product\/1812","targetHints":{"allow":["GET"]}}],"collection":[{"href":"https:\/\/dev.mein-felgendesign.de\/index.php\/wp-json\/wp\/v2\/product"}],"about":[{"href":"https:\/\/dev.mein-felgendesign.de\/index.php\/wp-json\/wp\/v2\/types\/product"}],"replies":[{"embeddable":true,"href":"https:\/\/dev.mein-felgendesign.de\/index.php\/wp-json\/wp\/v2\/comments?post=1812"}],"wp:featuredmedia":[{"embeddable":true,"href":"https:\/\/dev.mein-felgendesign.de\/index.php\/wp-json\/wp\/v2\/media\/1815"}],"wp:attachment":[{"href":"https:\/\/dev.mein-felgendesign.de\/index.php\/wp-json\/wp\/v2\/media?parent=1812"}],"wp:term":[{"taxonomy":"product_brand","embeddable":true,"href":"https:\/\/dev.mein-felgendesign.de\/index.php\/wp-json\/wp\/v2\/product_brand?post=1812"},{"taxonomy":"product_cat","embeddable":true,"href":"https:\/\/dev.mein-felgendesign.de\/index.php\/wp-json\/wp\/v2\/product_cat?post=1812"},{"taxonomy":"product_tag","embeddable":true,"href":"https:\/\/dev.mein-felgendesign.de\/index.php\/wp-json\/wp\/v2\/product_tag?post=1812"}],"curies":[{"name":"wp","href":"https:\/\/api.w.org\/{rel}","templated":true}]}}