{"id":1659,"date":"2025-12-07T20:39:42","date_gmt":"2025-12-07T20:39:42","guid":{"rendered":"https:\/\/dev.mein-felgendesign.de\/?post_type=product&#038;p=1659"},"modified":"2025-12-07T20:39:55","modified_gmt":"2025-12-07T20:39:55","slug":"wheelie-bar-2012-2024-husqvarna-fe","status":"publish","type":"product","link":"https:\/\/dev.mein-felgendesign.de\/index.php\/produkt\/wheelie-bar-2012-2024-husqvarna-fe\/","title":{"rendered":"Wheelie Bar 2012-2024 Husqvarna FE"},"content":{"rendered":"<p>Einfach in den vorhanden L\u00f6chern in eurem Heckrahmen verschrauben, Heck einschneiden, fertig!<\/p>\n","protected":false},"excerpt":{"rendered":"<p class=\"p1\">Ihr wollt stunttechnisch das optimale aus eurer FE rausholen? Dann braucht ihr eine Wheelie bar.<\/p>\n<p class=\"p1\">Hochwertig schwarz pulverbeschichtet inkl. Aller Anbauteile die ihr braucht. Zus\u00e4tzlich gibt es nat\u00fcrlich noch Griptape dazu, um den perfekten Halt in der Bar zu gew\u00e4hrleisten.<\/p>\n<p class=\"p1\"><strong>Englisch:<\/strong><br \/>\nYou want to make the maximum stunt bike out of your Husqvarna? You need a wheelie bar. Black powdercoated with all mounting mateirals you need. Griptape is also included to get the maximum of grip between the bike and you.<\/p>\n","protected":false},"featured_media":1675,"comment_status":"closed","ping_status":"closed","template":"","meta":[],"product_brand":[],"product_cat":[16],"product_tag":[],"class_list":{"0":"post-1659","1":"product","2":"type-product","3":"status-publish","4":"has-post-thumbnail","6":"product_cat-stuntparts","8":"first","9":"instock","10":"shipping-taxable","11":"purchasable","12":"product-type-variable"},"_links":{"self":[{"href":"https:\/\/dev.mein-felgendesign.de\/index.php\/wp-json\/wp\/v2\/product\/1659","targetHints":{"allow":["GET"]}}],"collection":[{"href":"https:\/\/dev.mein-felgendesign.de\/index.php\/wp-json\/wp\/v2\/product"}],"about":[{"href":"https:\/\/dev.mein-felgendesign.de\/index.php\/wp-json\/wp\/v2\/types\/product"}],"replies":[{"embeddable":true,"href":"https:\/\/dev.mein-felgendesign.de\/index.php\/wp-json\/wp\/v2\/comments?post=1659"}],"wp:featuredmedia":[{"embeddable":true,"href":"https:\/\/dev.mein-felgendesign.de\/index.php\/wp-json\/wp\/v2\/media\/1675"}],"wp:attachment":[{"href":"https:\/\/dev.mein-felgendesign.de\/index.php\/wp-json\/wp\/v2\/media?parent=1659"}],"wp:term":[{"taxonomy":"product_brand","embeddable":true,"href":"https:\/\/dev.mein-felgendesign.de\/index.php\/wp-json\/wp\/v2\/product_brand?post=1659"},{"taxonomy":"product_cat","embeddable":true,"href":"https:\/\/dev.mein-felgendesign.de\/index.php\/wp-json\/wp\/v2\/product_cat?post=1659"},{"taxonomy":"product_tag","embeddable":true,"href":"https:\/\/dev.mein-felgendesign.de\/index.php\/wp-json\/wp\/v2\/product_tag?post=1659"}],"curies":[{"name":"wp","href":"https:\/\/api.w.org\/{rel}","templated":true}]}}