{"id":1587,"date":"2025-12-07T20:39:29","date_gmt":"2025-12-07T20:39:29","guid":{"rendered":"https:\/\/dev.mein-felgendesign.de\/?post_type=product&#038;p=1587"},"modified":"2025-12-07T20:39:55","modified_gmt":"2025-12-07T20:39:55","slug":"motomaster-racing-kit","status":"publish","type":"product","link":"https:\/\/dev.mein-felgendesign.de\/index.php\/produkt\/motomaster-racing-kit\/","title":{"rendered":"MotoMaster Racing Kit"},"content":{"rendered":"<p>Hol dir jetzt dein Bremsenupgrade!<\/p>\n","protected":false},"excerpt":{"rendered":"<p>Motomaster Racing Kit f\u00fcr dein Bike!<\/p>\n<p>Im Kit ist alles enthalten um deinem Bike die optimale Performance auf der Bremse zu geben. Sei es f\u00fcr Stoppies oder die n\u00e4chste Bergrstra\u00dfe, mit dem Motmaster Kit bist du bestens ger\u00fcstet.<\/p>\n<p>Das Kit enth\u00e4lt:<\/p>\n<p>Supermoto-Racing Bremsscheibe 320mm Flame, schwimmend gelagert, 5mm stark.<br \/>\nSupermoto 4 Kolben Bremszange inkl. Adapter, Bremsbel\u00e4ge und Hohlschraube, schwarz.<br \/>\nVordere Bremsleitung, Stahlfex.<br \/>\n\u00d812mm Radial-Handbremszylinder incl. Bremsfl\u00fcssigkeitsbeh\u00e4lter und Hohlschraube.<br \/>\nRacing-Kit ohne Tachomagnet u. ohne Bremslichtschalter.<\/p>\n<p>&nbsp;<\/p>\n<p>Passend f\u00fcr alle KTM EXC \/ EXC-F \/ EXC-R \/ SX \/ SX-F \/ LC4 &#8211; 125 &#8211; 640 Modelle ab 2000. F\u00fcr Baugleiche Husqvarna\/GasGas Modelle nat\u00fcrlich auch.<\/p>\n<p>&nbsp;<\/p>\n<p>&nbsp;<\/p>\n","protected":false},"featured_media":1610,"comment_status":"closed","ping_status":"closed","template":"","meta":[],"product_brand":[],"product_cat":[16],"product_tag":[],"class_list":{"0":"post-1587","1":"product","2":"type-product","3":"status-publish","4":"has-post-thumbnail","6":"product_cat-stuntparts","8":"first","9":"instock","10":"shipping-taxable","11":"purchasable","12":"product-type-variable"},"_links":{"self":[{"href":"https:\/\/dev.mein-felgendesign.de\/index.php\/wp-json\/wp\/v2\/product\/1587","targetHints":{"allow":["GET"]}}],"collection":[{"href":"https:\/\/dev.mein-felgendesign.de\/index.php\/wp-json\/wp\/v2\/product"}],"about":[{"href":"https:\/\/dev.mein-felgendesign.de\/index.php\/wp-json\/wp\/v2\/types\/product"}],"replies":[{"embeddable":true,"href":"https:\/\/dev.mein-felgendesign.de\/index.php\/wp-json\/wp\/v2\/comments?post=1587"}],"wp:featuredmedia":[{"embeddable":true,"href":"https:\/\/dev.mein-felgendesign.de\/index.php\/wp-json\/wp\/v2\/media\/1610"}],"wp:attachment":[{"href":"https:\/\/dev.mein-felgendesign.de\/index.php\/wp-json\/wp\/v2\/media?parent=1587"}],"wp:term":[{"taxonomy":"product_brand","embeddable":true,"href":"https:\/\/dev.mein-felgendesign.de\/index.php\/wp-json\/wp\/v2\/product_brand?post=1587"},{"taxonomy":"product_cat","embeddable":true,"href":"https:\/\/dev.mein-felgendesign.de\/index.php\/wp-json\/wp\/v2\/product_cat?post=1587"},{"taxonomy":"product_tag","embeddable":true,"href":"https:\/\/dev.mein-felgendesign.de\/index.php\/wp-json\/wp\/v2\/product_tag?post=1587"}],"curies":[{"name":"wp","href":"https:\/\/api.w.org\/{rel}","templated":true}]}}